{"id":93,"date":"2025-08-30T17:04:48","date_gmt":"2025-08-30T17:04:48","guid":{"rendered":"https:\/\/copermareformas.es\/?page_id=93"},"modified":"2025-08-31T19:20:17","modified_gmt":"2025-08-31T19:20:17","slug":"aviso-legal","status":"publish","type":"page","link":"https:\/\/copermareformas.es\/index.php\/aviso-legal\/","title":{"rendered":"AVISO LEGAL"},"content":{"rendered":"\t\t<div data-elementor-type=\"wp-page\" data-elementor-id=\"93\" class=\"elementor elementor-93\" data-elementor-post-type=\"page\">\n\t\t\t\t\t\t<section class=\"elementor-section elementor-top-section elementor-element elementor-element-842e4e1 elementor-section-boxed elementor-section-height-default elementor-section-height-default parallax_section_no qode_elementor_container_no\" data-id=\"842e4e1\" data-element_type=\"section\">\n\t\t\t\t\t\t<div class=\"elementor-container elementor-column-gap-default\">\n\t\t\t\t\t<div class=\"elementor-column elementor-col-100 elementor-top-column elementor-element elementor-element-c101369\" data-id=\"c101369\" data-element_type=\"column\">\n\t\t\t<div class=\"elementor-widget-wrap elementor-element-populated\">\n\t\t\t\t\t\t<div class=\"elementor-element elementor-element-14e5a24 elementor-invisible elementor-widget elementor-widget-heading\" data-id=\"14e5a24\" data-element_type=\"widget\" data-settings=\"{&quot;_animation&quot;:&quot;fadeIn&quot;}\" data-widget_type=\"heading.default\">\n\t\t\t\t<div class=\"elementor-widget-container\">\n\t\t\t\t\t<h2 class=\"elementor-heading-title elementor-size-default\">Aviso legal<\/h2>\t\t\t\t<\/div>\n\t\t\t\t<\/div>\n\t\t\t\t<div class=\"elementor-element elementor-element-6bbe4d2 elementor-widget elementor-widget-text-editor\" data-id=\"6bbe4d2\" data-element_type=\"widget\" data-widget_type=\"text-editor.default\">\n\t\t\t\t<div class=\"elementor-widget-container\">\n\t\t\t\t\t\t\t\t\t<h2 data-start=\"381\" data-end=\"410\">1. Datos identificativos<\/h2><p data-start=\"411\" data-end=\"666\">En cumplimiento con el deber de informaci\u00f3n recogido en la Ley 34\/2002, de 11 de julio, de <strong data-start=\"502\" data-end=\"585\">Servicios de la Sociedad de la Informaci\u00f3n y del Comercio Electr\u00f3nico (LSSI-CE)<\/strong>, se reflejan a continuaci\u00f3n los datos de la empresa titular de este sitio web:<\/p><p data-start=\"411\" data-end=\"666\">\u00a0<\/p><ul><li data-start=\"670\" data-end=\"759\"><strong data-start=\"670\" data-end=\"695\">Nombre de la empresa:<\/strong> Copermahijos &amp; 2mil5 Sl<\/li><li data-start=\"670\" data-end=\"759\"><strong data-start=\"762\" data-end=\"774\">CIF\/NIF:<\/strong> B63744155<\/li><li data-start=\"670\" data-end=\"759\"><strong data-start=\"791\" data-end=\"812\">Domicilio social:<\/strong>\u00a0Avinguda lleida 37, local 3, Premi\u00e0 de Dalt (08338) Barcelona\u00a0<\/li><li data-start=\"670\" data-end=\"759\"><strong data-start=\"838\" data-end=\"863\">Tel\u00e9fono de contacto:<\/strong>\u00a0620 22 61 31<\/li><li data-start=\"670\" data-end=\"759\"><strong data-start=\"889\" data-end=\"912\">Correo electr\u00f3nico:<\/strong>\u00a0oficina@copermahijos.com<\/li><\/ul><h2 data-start=\"1004\" data-end=\"1018\">\u00a0<\/h2><h2 data-start=\"1004\" data-end=\"1018\">2. Objeto<\/h2><p data-start=\"1019\" data-end=\"1177\">El presente Aviso Legal regula el uso de la p\u00e1gina web copermareformas.es (en adelante, \u201cla web\u201d), que la empresa pone a disposici\u00f3n de los usuarios de Internet.<\/p><h2 data-start=\"1179\" data-end=\"1205\">\u00a0<\/h2><h2 data-start=\"1179\" data-end=\"1205\">3. Condiciones de uso<\/h2><p data-start=\"1206\" data-end=\"1455\">El acceso y uso de la web atribuye la condici\u00f3n de usuario, quien acepta, desde dicho acceso, las condiciones de uso aqu\u00ed reflejadas. El usuario se compromete a hacer un uso adecuado de los contenidos y servicios, absteni\u00e9ndose de emplearlos para:<\/p><ul><li data-start=\"1458\" data-end=\"1537\">Actividades il\u00edcitas, ilegales o contrarias a la buena fe y al orden p\u00fablico.<\/li><li data-start=\"1458\" data-end=\"1537\">Difundir contenidos o propaganda de car\u00e1cter racista, xen\u00f3fobo, pornogr\u00e1fico, de apolog\u00eda del terrorismo o que atenten contra los derechos humanos.<\/li><li data-start=\"1458\" data-end=\"1537\">Provocar da\u00f1os en los sistemas f\u00edsicos y l\u00f3gicos del titular de la web, de sus proveedores o de terceras personas.<\/li><\/ul><h2 data-start=\"1810\" data-end=\"1852\">\u00a0<\/h2><h2 data-start=\"1810\" data-end=\"1852\">4. Propiedad intelectual e industrial<\/h2><p data-start=\"1853\" data-end=\"2298\">Los derechos de propiedad intelectual e industrial sobre la web, su dise\u00f1o gr\u00e1fico, c\u00f3digos fuente, as\u00ed como los contenidos (textos, im\u00e1genes, marcas, logotipos, combinaciones de colores, etc.), pertenecen al titular de la web o dispone, en su caso, de licencia o autorizaci\u00f3n expresa por parte de los autores. Queda prohibida la reproducci\u00f3n, distribuci\u00f3n, comunicaci\u00f3n p\u00fablica y transformaci\u00f3n de dichos elementos sin la debida autorizaci\u00f3n.<\/p><h2 data-start=\"2300\" data-end=\"2327\">\u00a0<\/h2><h2 data-start=\"2300\" data-end=\"2327\">5. Protecci\u00f3n de datos<\/h2><p data-start=\"2328\" data-end=\"2601\">El titular de la web cumple con lo establecido en la <strong data-start=\"2381\" data-end=\"2416\">Reglamento (UE) 2016\/679 (RGPD)<\/strong> y la <strong data-start=\"2422\" data-end=\"2455\">Ley Org\u00e1nica 3\/2018 (LOPDGDD)<\/strong>, garantizando un correcto tratamiento de los datos personales del usuario.<br data-start=\"2530\" data-end=\"2533\" \/>Para m\u00e1s informaci\u00f3n, consulte nuestra <a href=\"https:\/\/copermareformas.es\/index.php\/politica-de-privacidad\/\"><strong data-start=\"2572\" data-end=\"2598\">Pol\u00edtica de Privacidad<\/strong>.<\/a><\/p><h2 data-start=\"2603\" data-end=\"2651\">\u00a0<\/h2><h2 data-start=\"2603\" data-end=\"2651\">6. Exclusi\u00f3n de garant\u00edas y responsabilidad<\/h2><p data-start=\"2652\" data-end=\"2953\">El titular de la web no se hace responsable de los da\u00f1os y perjuicios de cualquier naturaleza que pudieran derivarse de errores u omisiones en los contenidos, falta de disponibilidad de la web o transmisi\u00f3n de virus, a pesar de haber adoptado todas las medidas tecnol\u00f3gicas necesarias para evitarlo.<\/p><h2 data-start=\"2955\" data-end=\"2999\">\u00a0<\/h2><h2 data-start=\"2955\" data-end=\"2999\">7. Legislaci\u00f3n aplicable y jurisdicci\u00f3n<\/h2><p class=\"p1\">\u00a0<\/p><p data-start=\"3000\" data-end=\"3227\">Para la resoluci\u00f3n de todas las controversias o cuestiones relacionadas con el presente sitio web o las actividades en \u00e9l desarrolladas, ser\u00e1 de aplicaci\u00f3n la legislaci\u00f3n espa\u00f1ola, a la que se someten expresamente las partes.<\/p>\t\t\t\t\t\t\t\t<\/div>\n\t\t\t\t<\/div>\n\t\t\t\t\t<\/div>\n\t\t<\/div>\n\t\t\t\t\t<\/div>\n\t\t<\/section>\n\t\t\t\t<\/div>\n\t\t","protected":false},"excerpt":{"rendered":"<p>Aviso legal 1. Datos identificativos En cumplimiento con el deber de informaci\u00f3n recogido en la Ley 34\/2002, de 11 de julio, de Servicios de la Sociedad de la Informaci\u00f3n y del Comercio Electr\u00f3nico (LSSI-CE), se reflejan a continuaci\u00f3n los datos de la empresa titular de&#8230;<\/p>\n","protected":false},"author":1,"featured_media":0,"parent":0,"menu_order":0,"comment_status":"closed","ping_status":"closed","template":"","meta":{"footnotes":""},"class_list":["post-93","page","type-page","status-publish","hentry"],"_links":{"self":[{"href":"https:\/\/copermareformas.es\/index.php\/wp-json\/wp\/v2\/pages\/93","targetHints":{"allow":["GET"]}}],"collection":[{"href":"https:\/\/copermareformas.es\/index.php\/wp-json\/wp\/v2\/pages"}],"about":[{"href":"https:\/\/copermareformas.es\/index.php\/wp-json\/wp\/v2\/types\/page"}],"author":[{"embeddable":true,"href":"https:\/\/copermareformas.es\/index.php\/wp-json\/wp\/v2\/users\/1"}],"replies":[{"embeddable":true,"href":"https:\/\/copermareformas.es\/index.php\/wp-json\/wp\/v2\/comments?post=93"}],"version-history":[{"count":13,"href":"https:\/\/copermareformas.es\/index.php\/wp-json\/wp\/v2\/pages\/93\/revisions"}],"predecessor-version":[{"id":479,"href":"https:\/\/copermareformas.es\/index.php\/wp-json\/wp\/v2\/pages\/93\/revisions\/479"}],"wp:attachment":[{"href":"https:\/\/copermareformas.es\/index.php\/wp-json\/wp\/v2\/media?parent=93"}],"curies":[{"name":"wp","href":"https:\/\/api.w.org\/{rel}","templated":true}]}}