{"id":95,"date":"2025-08-30T17:05:05","date_gmt":"2025-08-30T17:05:05","guid":{"rendered":"https:\/\/copermareformas.es\/?page_id=95"},"modified":"2025-08-31T19:26:38","modified_gmt":"2025-08-31T19:26:38","slug":"politica-de-cookies","status":"publish","type":"page","link":"https:\/\/copermareformas.es\/index.php\/politica-de-cookies\/","title":{"rendered":"POL\u00cdTICA DE COOKIES"},"content":{"rendered":"\t\t<div data-elementor-type=\"wp-page\" data-elementor-id=\"95\" class=\"elementor elementor-95\" data-elementor-post-type=\"page\">\n\t\t\t\t\t\t<section class=\"elementor-section elementor-top-section elementor-element elementor-element-b74547f elementor-section-boxed elementor-section-height-default elementor-section-height-default parallax_section_no qode_elementor_container_no\" data-id=\"b74547f\" data-element_type=\"section\">\n\t\t\t\t\t\t<div class=\"elementor-container elementor-column-gap-default\">\n\t\t\t\t\t<div class=\"elementor-column elementor-col-100 elementor-top-column elementor-element elementor-element-f1f6b56\" data-id=\"f1f6b56\" data-element_type=\"column\">\n\t\t\t<div class=\"elementor-widget-wrap\">\n\t\t\t\t\t\t\t<\/div>\n\t\t<\/div>\n\t\t\t\t\t<\/div>\n\t\t<\/section>\n\t\t\t\t<section class=\"elementor-section elementor-top-section elementor-element elementor-element-be8dfe6 elementor-section-boxed elementor-section-height-default elementor-section-height-default parallax_section_no qode_elementor_container_no\" data-id=\"be8dfe6\" data-element_type=\"section\">\n\t\t\t\t\t\t<div class=\"elementor-container elementor-column-gap-default\">\n\t\t\t\t\t<div class=\"elementor-column elementor-col-100 elementor-top-column elementor-element elementor-element-ff676e2\" data-id=\"ff676e2\" data-element_type=\"column\">\n\t\t\t<div class=\"elementor-widget-wrap elementor-element-populated\">\n\t\t\t\t\t\t<div class=\"elementor-element elementor-element-5e5e983 elementor-invisible elementor-widget elementor-widget-heading\" data-id=\"5e5e983\" data-element_type=\"widget\" data-settings=\"{&quot;_animation&quot;:&quot;fadeIn&quot;}\" data-widget_type=\"heading.default\">\n\t\t\t\t<div class=\"elementor-widget-container\">\n\t\t\t\t\t<h2 class=\"elementor-heading-title elementor-size-default\">Pol\u00edtica de cookies<\/h2>\t\t\t\t<\/div>\n\t\t\t\t<\/div>\n\t\t\t\t<div class=\"elementor-element elementor-element-233b170 elementor-widget elementor-widget-text-editor\" data-id=\"233b170\" data-element_type=\"widget\" data-widget_type=\"text-editor.default\">\n\t\t\t\t<div class=\"elementor-widget-container\">\n\t\t\t\t\t\t\t\t\t<p data-start=\"1511\" data-end=\"1678\">En este sitio web utilizamos cookies propias y de terceros con la finalidad de mejorar la experiencia de navegaci\u00f3n, personalizar el contenido y analizar el tr\u00e1fico.<\/p><p data-start=\"1511\" data-end=\"1678\">\u00a0<\/p><h2 data-start=\"1680\" data-end=\"1706\">\u00bfQu\u00e9 son las cookies?<\/h2><p>\u00a0<\/p><p data-start=\"1707\" data-end=\"1843\">Son peque\u00f1os archivos de informaci\u00f3n que se guardan en el dispositivo del usuario y permiten recordar informaci\u00f3n sobre su navegaci\u00f3n.<\/p><h2 data-start=\"1845\" data-end=\"1882\">\u00a0<\/h2><h2 data-start=\"1845\" data-end=\"1882\">Tipos de cookies que utilizamos:<\/h2><ul><li data-start=\"1885\" data-end=\"1962\"><strong data-start=\"1885\" data-end=\"1906\">Cookies t\u00e9cnicas:<\/strong> necesarias para el correcto funcionamiento de la web.<\/li><li data-start=\"1885\" data-end=\"1962\"><strong data-start=\"1965\" data-end=\"1996\">Cookies de personalizaci\u00f3n:<\/strong> permiten recordar preferencias como el idioma.<\/li><li data-start=\"1885\" data-end=\"1962\"><strong data-start=\"2048\" data-end=\"2072\">Cookies de an\u00e1lisis:<\/strong> nos ayudan a entender c\u00f3mo los usuarios interact\u00faan con la web para mejorar nuestros servicios.<\/li><\/ul><h2 data-start=\"2172\" data-end=\"2206\">\u00a0<\/h2><h2 data-start=\"2172\" data-end=\"2206\">Configuraci\u00f3n y desactivaci\u00f3n<\/h2><p data-start=\"2207\" data-end=\"2363\">El usuario puede aceptar, rechazar o configurar el uso de cookies a trav\u00e9s del aviso emergente de la web y tambi\u00e9n desde la configuraci\u00f3n de su navegador.<\/p><h2 data-start=\"2365\" data-end=\"2406\">\u00a0<\/h2><h2 data-start=\"2365\" data-end=\"2406\">Aceptaci\u00f3n de la pol\u00edtica de cookies<\/h2><p data-start=\"2407\" data-end=\"2545\">Al continuar navegando en nuestra web, el usuario consiente el uso de las cookies en las condiciones contenidas en la presente Pol\u00edtica.<\/p>\t\t\t\t\t\t\t\t<\/div>\n\t\t\t\t<\/div>\n\t\t\t\t\t<\/div>\n\t\t<\/div>\n\t\t\t\t\t<\/div>\n\t\t<\/section>\n\t\t\t\t<\/div>\n\t\t","protected":false},"excerpt":{"rendered":"<p>Pol\u00edtica de cookies En este sitio web utilizamos cookies propias y de terceros con la finalidad de mejorar la experiencia de navegaci\u00f3n, personalizar el contenido y analizar el tr\u00e1fico. \u00a0 \u00bfQu\u00e9 son las cookies? \u00a0 Son peque\u00f1os archivos de informaci\u00f3n que se guardan en el&#8230;<\/p>\n","protected":false},"author":1,"featured_media":0,"parent":0,"menu_order":0,"comment_status":"closed","ping_status":"closed","template":"","meta":{"footnotes":""},"class_list":["post-95","page","type-page","status-publish","hentry"],"_links":{"self":[{"href":"https:\/\/copermareformas.es\/index.php\/wp-json\/wp\/v2\/pages\/95","targetHints":{"allow":["GET"]}}],"collection":[{"href":"https:\/\/copermareformas.es\/index.php\/wp-json\/wp\/v2\/pages"}],"about":[{"href":"https:\/\/copermareformas.es\/index.php\/wp-json\/wp\/v2\/types\/page"}],"author":[{"embeddable":true,"href":"https:\/\/copermareformas.es\/index.php\/wp-json\/wp\/v2\/users\/1"}],"replies":[{"embeddable":true,"href":"https:\/\/copermareformas.es\/index.php\/wp-json\/wp\/v2\/comments?post=95"}],"version-history":[{"count":4,"href":"https:\/\/copermareformas.es\/index.php\/wp-json\/wp\/v2\/pages\/95\/revisions"}],"predecessor-version":[{"id":485,"href":"https:\/\/copermareformas.es\/index.php\/wp-json\/wp\/v2\/pages\/95\/revisions\/485"}],"wp:attachment":[{"href":"https:\/\/copermareformas.es\/index.php\/wp-json\/wp\/v2\/media?parent=95"}],"curies":[{"name":"wp","href":"https:\/\/api.w.org\/{rel}","templated":true}]}}