{"id":97,"date":"2025-08-30T17:05:23","date_gmt":"2025-08-30T17:05:23","guid":{"rendered":"https:\/\/copermareformas.es\/?page_id=97"},"modified":"2025-08-31T19:24:36","modified_gmt":"2025-08-31T19:24:36","slug":"politica-de-privacidad","status":"publish","type":"page","link":"https:\/\/copermareformas.es\/index.php\/politica-de-privacidad\/","title":{"rendered":"POL\u00cdTICA DE PRIVACIDAD"},"content":{"rendered":"\t\t<div data-elementor-type=\"wp-page\" data-elementor-id=\"97\" class=\"elementor elementor-97\" data-elementor-post-type=\"page\">\n\t\t\t\t\t\t<section class=\"elementor-section elementor-top-section elementor-element elementor-element-6de581c elementor-section-boxed elementor-section-height-default elementor-section-height-default parallax_section_no qode_elementor_container_no\" data-id=\"6de581c\" data-element_type=\"section\">\n\t\t\t\t\t\t<div class=\"elementor-container elementor-column-gap-default\">\n\t\t\t\t\t<div class=\"elementor-column elementor-col-100 elementor-top-column elementor-element elementor-element-6c08846\" data-id=\"6c08846\" data-element_type=\"column\">\n\t\t\t<div class=\"elementor-widget-wrap elementor-element-populated\">\n\t\t\t\t\t\t<div class=\"elementor-element elementor-element-ffe909f elementor-invisible elementor-widget elementor-widget-heading\" data-id=\"ffe909f\" data-element_type=\"widget\" data-settings=\"{&quot;_animation&quot;:&quot;fadeIn&quot;}\" data-widget_type=\"heading.default\">\n\t\t\t\t<div class=\"elementor-widget-container\">\n\t\t\t\t\t<h2 class=\"elementor-heading-title elementor-size-default\">Pol\u00edtica de privacidad<\/h2>\t\t\t\t<\/div>\n\t\t\t\t<\/div>\n\t\t\t\t<div class=\"elementor-element elementor-element-5990359 elementor-widget elementor-widget-text-editor\" data-id=\"5990359\" data-element_type=\"widget\" data-widget_type=\"text-editor.default\">\n\t\t\t\t<div class=\"elementor-widget-container\">\n\t\t\t\t\t\t\t\t\t<p data-start=\"451\" data-end=\"558\">En <strong data-start=\"454\" data-end=\"474\">Coperma Reformas<\/strong> tratamos la informaci\u00f3n que nos facilitan las personas interesadas con el fin de:<\/p><p data-start=\"451\" data-end=\"558\">\u00a0<\/p><ul><li data-start=\"562\" data-end=\"618\">Atender las solicitudes de informaci\u00f3n y presupuestos.<\/li><li data-start=\"562\" data-end=\"618\">Gestionar los servicios contratados.<\/li><li data-start=\"562\" data-end=\"618\">Mantener la relaci\u00f3n comercial y realizar comunicaciones relacionadas con nuestros servicios.<\/li><\/ul><p data-start=\"759\" data-end=\"879\">\u00a0<\/p><p data-start=\"759\" data-end=\"879\"><strong data-start=\"759\" data-end=\"776\">Legitimaci\u00f3n:<\/strong> el consentimiento del interesado al ponerse en contacto con nosotros o contratar nuestros servicios.<\/p><p data-start=\"881\" data-end=\"1012\">\u00a0<\/p><p data-start=\"881\" data-end=\"1012\"><strong data-start=\"881\" data-end=\"899\">Destinatarios:<\/strong> no se ceder\u00e1n datos a terceros, salvo obligaci\u00f3n legal o cuando sea necesario para la prestaci\u00f3n del servicio.<\/p><p data-start=\"1014\" data-end=\"1226\">\u00a0<\/p><p data-start=\"1014\" data-end=\"1226\"><strong data-start=\"1014\" data-end=\"1027\">Derechos:<\/strong> el usuario tiene derecho a acceder, rectificar y suprimir los datos, as\u00ed como otros derechos reconocidos en la normativa vigente. Puede ejercerlos enviando una solicitud a <a href=\"mailto:oficina@copermahijos.com\">oficina@copermahijos.com<\/a>.<\/p><p data-start=\"1228\" data-end=\"1380\">\u00a0<\/p><p data-start=\"1228\" data-end=\"1380\"><strong data-start=\"1228\" data-end=\"1254\">Conservaci\u00f3n de datos:<\/strong> se mantendr\u00e1n mientras exista una relaci\u00f3n contractual o durante el tiempo necesario para cumplir con obligaciones legales.<\/p><p data-start=\"1382\" data-end=\"1476\">Para m\u00e1s informaci\u00f3n sobre protecci\u00f3n de datos, puedes contactar con nosotros en <a href=\"mailto:oficina@copermahijos.com\">oficina@copermahijos.com<\/a><\/p>\t\t\t\t\t\t\t\t<\/div>\n\t\t\t\t<\/div>\n\t\t\t\t\t<\/div>\n\t\t<\/div>\n\t\t\t\t\t<\/div>\n\t\t<\/section>\n\t\t\t\t<\/div>\n\t\t","protected":false},"excerpt":{"rendered":"<p>Pol\u00edtica de privacidad En Coperma Reformas tratamos la informaci\u00f3n que nos facilitan las personas interesadas con el fin de: \u00a0 Atender las solicitudes de informaci\u00f3n y presupuestos. Gestionar los servicios contratados. Mantener la relaci\u00f3n comercial y realizar comunicaciones relacionadas con nuestros servicios. \u00a0 Legitimaci\u00f3n: el&#8230;<\/p>\n","protected":false},"author":1,"featured_media":0,"parent":0,"menu_order":0,"comment_status":"closed","ping_status":"closed","template":"","meta":{"footnotes":""},"class_list":["post-97","page","type-page","status-publish","hentry"],"_links":{"self":[{"href":"https:\/\/copermareformas.es\/index.php\/wp-json\/wp\/v2\/pages\/97","targetHints":{"allow":["GET"]}}],"collection":[{"href":"https:\/\/copermareformas.es\/index.php\/wp-json\/wp\/v2\/pages"}],"about":[{"href":"https:\/\/copermareformas.es\/index.php\/wp-json\/wp\/v2\/types\/page"}],"author":[{"embeddable":true,"href":"https:\/\/copermareformas.es\/index.php\/wp-json\/wp\/v2\/users\/1"}],"replies":[{"embeddable":true,"href":"https:\/\/copermareformas.es\/index.php\/wp-json\/wp\/v2\/comments?post=97"}],"version-history":[{"count":4,"href":"https:\/\/copermareformas.es\/index.php\/wp-json\/wp\/v2\/pages\/97\/revisions"}],"predecessor-version":[{"id":482,"href":"https:\/\/copermareformas.es\/index.php\/wp-json\/wp\/v2\/pages\/97\/revisions\/482"}],"wp:attachment":[{"href":"https:\/\/copermareformas.es\/index.php\/wp-json\/wp\/v2\/media?parent=97"}],"curies":[{"name":"wp","href":"https:\/\/api.w.org\/{rel}","templated":true}]}}